{"id":312,"date":"2016-02-13T22:22:49","date_gmt":"2016-02-13T22:22:49","guid":{"rendered":"http:\/\/www.janinawartenberg.de\/?page_id=312"},"modified":"2016-02-13T22:25:18","modified_gmt":"2016-02-13T22:25:18","slug":"schreib-mir","status":"publish","type":"page","link":"https:\/\/www.janinawartenberg.de\/?page_id=312&lang=de","title":{"rendered":"Schreib mir"},"content":{"rendered":"<div id=\"cscf\" class=\"cscfBlock\">\n    <div class=\"cscfMessageSent\" style=\"display:none;\" role=\"status\" aria-live=\"polite\">\n\t\t<h3>Die Nachricht wurde gesendet<\/h3>\n<p>Vielen Dank f\u00fcr Ihre Nachricht, in Ber\u00fchrung kurz. <\/p>    <\/div>\n    <div class=\"cscfMessageNotSent\" style=\"display:none;\" role=\"alert\" aria-live=\"assertive\">\n\t\t<p>\n    Przepraszamy, wyst\u0105pi\u0142 b\u0142\u0105d i wiadomo\u015b\u0107 nie zosta\u0142a wys\u0142ana.<\/p>\n    <\/div>\n    <div class=\"cscfForm\">\n        <p>Unten Ihre Kontaktinformationen und eine kurze Nachricht eingeben, und ich werde bald beantworten versuchen.<\/p>\n\n        <form role=\"form\" id=\"frmCSCF\" name=\"frmCSCF\" method=\"post\" novalidate>\n\t\t\t<input type=\"hidden\" id=\"cscf_nonce\" name=\"cscf_nonce\" value=\"9c04484555\" \/><input type=\"hidden\" name=\"_wp_http_referer\" value=\"\/index.php?rest_route=%2Fwp%2Fv2%2Fpages%2F312\" \/>            <input type=\"hidden\" name=\"post-id\" value=\"312\">\n\n\t\t\t\n            <!-- name -->\n            <div class=\"control-group form-group\">\n                <label for=\"cscf_name\">Imi\u0119 i nazwisko:<\/label>\n\n\n                <div class=\"\">\n\t\t\t\t\t                    <input class=\"form-control input-xlarge\"\n                           data-rule-required=\"true\"\n                           data-msg-required=\"Prosimy wpisa\u0107 imi\u0119 i nazwisko.\"\n                           type=\"text\" id=\"cscf_name\" name=\"cscf[name]\"\n                           value=\"\"\n                           placeholder=\"Twoje imi\u0119 i nazwisko\"\n                           autocomplete=\"name\"\n                           aria-required=\"true\"\n                           aria-describedby=\"cscf_name_error\"\n                                               \/>\n                <\/div>\n                <span id=\"cscf_name_error\" class=\"help-inline help-block error\"\n                      style=\"display:none;\"\n                      role=\"alert\">\n                                    <\/span>\n            <\/div>\n\n\n            <!--email address-->\n            <div class=\"control-group form-group\">\n                <label for=\"cscf_email\">Adres e-mail:<\/label>\n\n                <div class=\"\">\n\t\t\t\t\t                    <input class=\"form-control input-xlarge\"\n                           data-rule-required=\"true\"\n                           data-rule-email=\"true\"\n                           data-msg-required=\"Prosimy poda\u0107 adres e-mail.\"\n                           data-msg-email=\"Prosimy wpisa\u0107 poprawny adres e-mail.\"\n                           type=\"email\" id=\"cscf_email\" name=\"cscf[email]\"\n                           value=\"\"\n                           placeholder=\"Tw\u00f3j adres e-mail\"\n                           autocomplete=\"email\"\n                           aria-required=\"true\"\n                           aria-describedby=\"cscf_email_error\"\n                                               \/>\n                <\/div>\n                <span id=\"cscf_email_error\" class=\"help-inline help-block error\"\n                      style=\"display:none;\"\n                      role=\"alert\">\n                                    <\/span>\n            <\/div>\n\n\t\t\t                <!--confirm email address -->\n                <div class=\"control-group form-group\">\n                    <label for=\"cscf_confirm-email\">Potwierd\u017a adres e-mail:<\/label>\n                    <div class=\"\">\n\t\t\t\t\t\t                        <input class=\"form-control input-xlarge\"\n                               data-rule-required=\"true\"\n                               data-rule-email=\"true\"\n                               data-rule-equalTo=\"#cscf_email\"\n                               data-msg-required=\"Ponownie wpisz sw\u00f3j adres e-mail\"\n                               data-msg-email=\"Prosimy wpisa\u0107 poprawny adres e-mail.\"\n                               data-msg-equalTo=\"Ponownie wpisz sw\u00f3j adres e-mail\"\n                               type=\"email\" id=\"cscf_confirm-email\" name=\"cscf[confirm-email]\"\n                               value=\"\"\n                               placeholder=\"Potwierd\u017a sw\u00f3j adres e-mail\"\n                               autocomplete=\"email\"\n                               aria-required=\"true\"\n                               aria-describedby=\"cscf_confirm-email_error\"\n                                                       \/>\n                    <\/div>\n                    <span id=\"cscf_confirm-email_error\" class=\"help-inline help-block error\"\n                          style=\"display:none;\"\n                          role=\"alert\">\n                                    <\/span>\n                <\/div>\n\t\t\t\n\t\t\t\n\n            <!-- message -->\n            <div class=\"control-group form-group\">\n                <label for=\"cscf_message\">Wiadomo\u015b\u0107:<\/label>\n                <div class=\"\">\n\t\t\t\t\t                    <textarea class=\"form-control input-xlarge\"\n                              data-rule-required=\"true\"\n                              data-msg-required=\"Wpisz wiadomo\u015b\u0107.\"\n                              id=\"cscf_message\" name=\"cscf[message]\" rows=\"10\"\n                              placeholder=\"Twoja wiadomo\u015b\u0107\"\n                              aria-required=\"true\"\n                              aria-describedby=\"cscf_message_error\"\n                              ><\/textarea>\n                <\/div>\n\n                <span id=\"cscf_message_error\" class=\"help-inline help-block error\"\n                      style=\"display:none;\"\n                      role=\"alert\">\n                                    <\/span>\n            <\/div>\n\n\t\t\t                <!-- email to sender -->\n                <div class=\"control-group form-group\">\n                    <label for=\"cscf_email-sender\">Wy\u015blij mi kopi\u0119:<\/label>\n                    <div class=\"\">\n\t\t\t\t\t\t                        <input  type=\"checkbox\"\n                                                                                                   id=\"cscf_email-sender\"\n                                                                                                   name=\"cscf[email-sender]\">\n                    <\/div>\n                    <span id=\"cscf_email-sender_error\" class=\"help-inline help-block error\"\n                          style=\"display:none;\"\n                          role=\"alert\">\n                                            <\/span>\n                <\/div>\n\t\t\t\n\n\n\t\t\t\n            <!-- recaptcha -->\n\t\t\t\n                <div class=\"control-group form-group\">\n                    <div id=\"recaptcha_div\">\n                        <div class=\"g-recaptcha\" data-theme=\"light\"\n                             data-sitekey=\"6LceORgTAAAAAAMrY8u5NNwZCByghX2Z0DT4XU3c\"><\/div>\n\n\n                        <div id=\"cscf_recaptcha_error\"\n                             class=\"help-inline help-block error\"\n                             role=\"alert\"><\/div>\n\n\n                        <noscript>\n                            <div style=\"width: 302px; height: 422px;\">\n                                <div style=\"width: 302px; height: 422px; position: relative;\">\n                                    <div style=\"width: 302px; height: 422px; position: absolute;\">\n                                        <iframe\n                                                src=\"https:\/\/www.google.com\/recaptcha\/api\/fallback?k=6LceORgTAAAAAAMrY8u5NNwZCByghX2Z0DT4XU3c\"\n                                                frameborder=\"0\" scrolling=\"no\"\n                                                style=\"width: 302px; height:422px; border-style: none;\"\n                                                title=\"reCAPTCHA challenge\">\n                                        <\/iframe>\n                                    <\/div>\n                                    <div style=\"width: 300px; height: 60px; border-style: none;\n                  bottom: 12px; left: 25px; margin: 0px; padding: 0px; right: 25px;\n                  background: #f9f9f9; border: 1px solid #c1c1c1; border-radius: 3px;\">\n                                        <label for=\"g-recaptcha-response\" class=\"screen-reader-text\">reCAPTCHA response<\/label>\n                                        <textarea id=\"g-recaptcha-response\" name=\"g-recaptcha-response\"\n                                                  class=\"g-recaptcha-response\"\n                                                  style=\"width: 250px; height: 40px; border: 1px solid #c1c1c1;\n                                                         margin: 10px 25px; padding: 0px; resize: none;\"><\/textarea>\n                                    <\/div>\n                                <\/div>\n                            <\/div>\n                        <\/noscript>\n\n                    <\/div>\n                <\/div>\n\t\t\t            <input type=\"submit\" id=\"cscf_SubmitButton\" class=\"btn btn-default\"\n                   value=\"Wy\u015blij wiadomo\u015b\u0107\"\/>\n        <\/form>\n    <\/div>\n<\/div>\n","protected":false},"excerpt":{"rendered":"","protected":false},"author":1,"featured_media":0,"parent":0,"menu_order":10,"comment_status":"closed","ping_status":"closed","template":"","meta":{"footnotes":""},"class_list":["post-312","page","type-page","status-publish","hentry"],"_links":{"self":[{"href":"https:\/\/www.janinawartenberg.de\/index.php?rest_route=\/wp\/v2\/pages\/312","targetHints":{"allow":["GET"]}}],"collection":[{"href":"https:\/\/www.janinawartenberg.de\/index.php?rest_route=\/wp\/v2\/pages"}],"about":[{"href":"https:\/\/www.janinawartenberg.de\/index.php?rest_route=\/wp\/v2\/types\/page"}],"author":[{"embeddable":true,"href":"https:\/\/www.janinawartenberg.de\/index.php?rest_route=\/wp\/v2\/users\/1"}],"replies":[{"embeddable":true,"href":"https:\/\/www.janinawartenberg.de\/index.php?rest_route=%2Fwp%2Fv2%2Fcomments&post=312"}],"version-history":[{"count":2,"href":"https:\/\/www.janinawartenberg.de\/index.php?rest_route=\/wp\/v2\/pages\/312\/revisions"}],"predecessor-version":[{"id":314,"href":"https:\/\/www.janinawartenberg.de\/index.php?rest_route=\/wp\/v2\/pages\/312\/revisions\/314"}],"wp:attachment":[{"href":"https:\/\/www.janinawartenberg.de\/index.php?rest_route=%2Fwp%2Fv2%2Fmedia&parent=312"}],"curies":[{"name":"wp","href":"https:\/\/api.w.org\/{rel}","templated":true}]}}